{"id":9819,"date":"2025-01-11T19:50:26","date_gmt":"2025-01-11T19:50:26","guid":{"rendered":"https:\/\/group-worldstar.com\/?post_type=product&#038;p=9819"},"modified":"2025-02-26T21:54:12","modified_gmt":"2025-02-26T21:54:12","slug":"mando","status":"publish","type":"product","link":"https:\/\/group-worldstar.com\/index.php\/product\/mando\/","title":{"rendered":"Mando +"},"content":{"rendered":"","protected":false},"excerpt":{"rendered":"<p><strong>MANDO+: Innovaci\u00f3n y Calidad en Amortiguadores<\/strong><\/p>\n<p>En World Star Representaciones, representamos a <strong>MANDO+<\/strong>, una marca japonesa especializada en la fabricaci\u00f3n de amortiguadores, as\u00ed como otros componentes para sistemas automotrices.<\/p>\n<p><strong>MANDO+<\/strong> es reconocida por su compromiso con la innovaci\u00f3n y la calidad, ofreciendo soluciones que garantizan un rendimiento superior y una mayor durabilidad. Sus productos est\u00e1n dise\u00f1ados para soportar cargas pesadas y proporcionar una transmisi\u00f3n eficiente de potencia, asegurando un desempe\u00f1o \u00f3ptimo en aplicaciones automotrices y comerciales.<\/p>\n<p>En Per\u00fa, <strong>MANDO+<\/strong> llega a trav\u00e9s de World Star Representaciones, brindando componentes de alta precisi\u00f3n que garantizan fiabilidad.<\/p>\n<table style=\"height: 77px\" width=\"283\">\n<tbody>\n<tr>\n<th>Producto<\/th>\n<td style=\"text-align: left\">Amortiguadores<\/td>\n<\/tr>\n<tr>\n<th>Pa\u00eds<\/th>\n<td style=\"text-align: left\">Corea del Sur<\/td>\n<\/tr>\n<tr>\n<th>L\u00ednea<\/th>\n<td style=\"text-align: left\">Liviana<\/td>\n<\/tr>\n<\/tbody>\n<\/table>\n","protected":false},"featured_media":9820,"comment_status":"closed","ping_status":"closed","template":"","meta":[],"product_brand":[],"product_cat":[82,83],"product_tag":[],"class_list":{"0":"post-9819","1":"product","2":"type-product","3":"status-publish","4":"has-post-thumbnail","6":"product_cat-peru","7":"product_cat-linea-liviana","9":"first","10":"instock","11":"featured","12":"shipping-taxable","13":"product-type-simple"},"_links":{"self":[{"href":"https:\/\/group-worldstar.com\/index.php\/wp-json\/wp\/v2\/product\/9819","targetHints":{"allow":["GET"]}}],"collection":[{"href":"https:\/\/group-worldstar.com\/index.php\/wp-json\/wp\/v2\/product"}],"about":[{"href":"https:\/\/group-worldstar.com\/index.php\/wp-json\/wp\/v2\/types\/product"}],"replies":[{"embeddable":true,"href":"https:\/\/group-worldstar.com\/index.php\/wp-json\/wp\/v2\/comments?post=9819"}],"wp:featuredmedia":[{"embeddable":true,"href":"https:\/\/group-worldstar.com\/index.php\/wp-json\/wp\/v2\/media\/9820"}],"wp:attachment":[{"href":"https:\/\/group-worldstar.com\/index.php\/wp-json\/wp\/v2\/media?parent=9819"}],"wp:term":[{"taxonomy":"product_brand","embeddable":true,"href":"https:\/\/group-worldstar.com\/index.php\/wp-json\/wp\/v2\/product_brand?post=9819"},{"taxonomy":"product_cat","embeddable":true,"href":"https:\/\/group-worldstar.com\/index.php\/wp-json\/wp\/v2\/product_cat?post=9819"},{"taxonomy":"product_tag","embeddable":true,"href":"https:\/\/group-worldstar.com\/index.php\/wp-json\/wp\/v2\/product_tag?post=9819"}],"curies":[{"name":"wp","href":"https:\/\/api.w.org\/{rel}","templated":true}]}}