{"id":9809,"date":"2025-01-11T19:07:29","date_gmt":"2025-01-11T19:07:29","guid":{"rendered":"https:\/\/group-worldstar.com\/?post_type=product&#038;p=9809"},"modified":"2025-02-04T00:35:51","modified_gmt":"2025-02-04T00:35:51","slug":"ntn","status":"publish","type":"product","link":"https:\/\/group-worldstar.com\/index.php\/product\/ntn\/","title":{"rendered":"NTN"},"content":{"rendered":"","protected":false},"excerpt":{"rendered":"<p><strong>NTN: Innovaci\u00f3n y Precisi\u00f3n en Componentes de Rodamiento y Transmisi\u00f3n<\/strong><\/p>\n<p>En World Star Representaciones, nos asociamos con <strong>NTN<\/strong>, una marca japonesa l\u00edder mundial en la fabricaci\u00f3n de rodamientos, juntas homocin\u00e9ticas y componentes de transmisi\u00f3n dise\u00f1ados para garantizar el m\u00e1ximo desempe\u00f1o automotriz.<\/p>\n<p>Con m\u00e1s de 100 a\u00f1os de experiencia, <strong>NTN<\/strong> se especializa en ofrecer soluciones avanzadas que mejoran la eficiencia, reducen el desgaste y optimizan el funcionamiento de veh\u00edculos comerciales, de pasajeros e industriales. Sus productos, desarrollados con tecnolog\u00eda de vanguardia, son reconocidos por su durabilidad y precisi\u00f3n, incluso en las condiciones m\u00e1s exigentes.<\/p>\n<p>En Per\u00fa, <strong>NTN<\/strong> llega de la mano de World Star Representaciones, ofreciendo productos que cumplen con los m\u00e1s altos est\u00e1ndares de calidad y respaldan el rendimiento confiable de veh\u00edculos en todo tipo de aplicaciones.<\/p>\n<table>\n<tbody>\n<tr>\n<th>Producto<\/th>\n<td style=\"text-align: right;\">Tensores hidr\u00e1ulicos<\/td>\n<\/tr>\n<tr>\n<th>Pa\u00eds<\/th>\n<td style=\"text-align: right;\">Jap\u00f3n<\/td>\n<\/tr>\n<tr>\n<th>L\u00ednea<\/th>\n<td style=\"text-align: right;\">Liviana<\/td>\n<\/tr>\n<\/tbody>\n<\/table>\n","protected":false},"featured_media":9810,"comment_status":"closed","ping_status":"closed","template":"","meta":[],"product_brand":[],"product_cat":[82,83,86,88,90,92],"product_tag":[],"class_list":{"0":"post-9809","1":"product","2":"type-product","3":"status-publish","4":"has-post-thumbnail","6":"product_cat-peru","7":"product_cat-linea-liviana","8":"product_cat-bolivia","9":"product_cat-linea-liviana-bolivia","10":"product_cat-ecuador","11":"product_cat-linea-ligera","13":"first","14":"instock","15":"featured","16":"shipping-taxable","17":"product-type-simple"},"_links":{"self":[{"href":"https:\/\/group-worldstar.com\/index.php\/wp-json\/wp\/v2\/product\/9809","targetHints":{"allow":["GET"]}}],"collection":[{"href":"https:\/\/group-worldstar.com\/index.php\/wp-json\/wp\/v2\/product"}],"about":[{"href":"https:\/\/group-worldstar.com\/index.php\/wp-json\/wp\/v2\/types\/product"}],"replies":[{"embeddable":true,"href":"https:\/\/group-worldstar.com\/index.php\/wp-json\/wp\/v2\/comments?post=9809"}],"wp:featuredmedia":[{"embeddable":true,"href":"https:\/\/group-worldstar.com\/index.php\/wp-json\/wp\/v2\/media\/9810"}],"wp:attachment":[{"href":"https:\/\/group-worldstar.com\/index.php\/wp-json\/wp\/v2\/media?parent=9809"}],"wp:term":[{"taxonomy":"product_brand","embeddable":true,"href":"https:\/\/group-worldstar.com\/index.php\/wp-json\/wp\/v2\/product_brand?post=9809"},{"taxonomy":"product_cat","embeddable":true,"href":"https:\/\/group-worldstar.com\/index.php\/wp-json\/wp\/v2\/product_cat?post=9809"},{"taxonomy":"product_tag","embeddable":true,"href":"https:\/\/group-worldstar.com\/index.php\/wp-json\/wp\/v2\/product_tag?post=9809"}],"curies":[{"name":"wp","href":"https:\/\/api.w.org\/{rel}","templated":true}]}}