{"id":9769,"date":"2025-01-10T23:02:56","date_gmt":"2025-01-10T23:02:56","guid":{"rendered":"https:\/\/group-worldstar.com\/?post_type=product&#038;p=9769"},"modified":"2025-02-04T00:34:47","modified_gmt":"2025-02-04T00:34:47","slug":"gmb","status":"publish","type":"product","link":"https:\/\/group-worldstar.com\/index.php\/product\/gmb\/","title":{"rendered":"GMB"},"content":{"rendered":"","protected":false},"excerpt":{"rendered":"<p><strong>GMB: Excelencia en Componentes Automotrices para el Rendimiento<\/strong><\/p>\n<p>En World Star Representaciones, nos asociamos con <strong>GMB<\/strong>, una reconocida marca japonesa especializada en la fabricaci\u00f3n de componentes para sistemas de direcci\u00f3n, suspensi\u00f3n y transmisi\u00f3n en veh\u00edculos.<\/p>\n<p>Desde 1943, <strong>GMB<\/strong> ha sido un l\u00edder en la industria automotriz, proporcionando soluciones de alta calidad dise\u00f1adas para mejorar la durabilidad, eficiencia y seguridad de los veh\u00edculos comerciales y de pasajeros. Sus rodamientos, bujes, y otras piezas de precisi\u00f3n son ampliamente reconocidos por su rendimiento excepcional en condiciones exigentes.<\/p>\n<p>En Per\u00fa, <strong>GMB<\/strong> llega a trav\u00e9s de World Star Representaciones, ofreciendo tecnolog\u00edas avanzadas que aseguran el mejor desempe\u00f1o en cada viaje.<\/p>\n<table>\n<tbody>\n<tr>\n<th>Producto<\/th>\n<td style=\"text-align: right;\">Bombas de agua, crucetas, collarines, rodajes, tensores, bocamazas, partes de suspensi\u00f3n<\/td>\n<\/tr>\n<tr>\n<th>Pa\u00eds<\/th>\n<td style=\"text-align: right;\">Jap\u00f3n<\/td>\n<\/tr>\n<tr>\n<th>L\u00ednea<\/th>\n<td style=\"text-align: right;\">Liviana<\/td>\n<\/tr>\n<\/tbody>\n<\/table>\n","protected":false},"featured_media":9770,"comment_status":"closed","ping_status":"closed","template":"","meta":[],"product_brand":[],"product_cat":[82,83,86,88,90,92],"product_tag":[],"class_list":{"0":"post-9769","1":"product","2":"type-product","3":"status-publish","4":"has-post-thumbnail","6":"product_cat-peru","7":"product_cat-linea-liviana","8":"product_cat-bolivia","9":"product_cat-linea-liviana-bolivia","10":"product_cat-ecuador","11":"product_cat-linea-ligera","13":"first","14":"instock","15":"featured","16":"shipping-taxable","17":"product-type-simple"},"_links":{"self":[{"href":"https:\/\/group-worldstar.com\/index.php\/wp-json\/wp\/v2\/product\/9769","targetHints":{"allow":["GET"]}}],"collection":[{"href":"https:\/\/group-worldstar.com\/index.php\/wp-json\/wp\/v2\/product"}],"about":[{"href":"https:\/\/group-worldstar.com\/index.php\/wp-json\/wp\/v2\/types\/product"}],"replies":[{"embeddable":true,"href":"https:\/\/group-worldstar.com\/index.php\/wp-json\/wp\/v2\/comments?post=9769"}],"wp:featuredmedia":[{"embeddable":true,"href":"https:\/\/group-worldstar.com\/index.php\/wp-json\/wp\/v2\/media\/9770"}],"wp:attachment":[{"href":"https:\/\/group-worldstar.com\/index.php\/wp-json\/wp\/v2\/media?parent=9769"}],"wp:term":[{"taxonomy":"product_brand","embeddable":true,"href":"https:\/\/group-worldstar.com\/index.php\/wp-json\/wp\/v2\/product_brand?post=9769"},{"taxonomy":"product_cat","embeddable":true,"href":"https:\/\/group-worldstar.com\/index.php\/wp-json\/wp\/v2\/product_cat?post=9769"},{"taxonomy":"product_tag","embeddable":true,"href":"https:\/\/group-worldstar.com\/index.php\/wp-json\/wp\/v2\/product_tag?post=9769"}],"curies":[{"name":"wp","href":"https:\/\/api.w.org\/{rel}","templated":true}]}}