{"id":10012,"date":"2025-02-14T01:16:57","date_gmt":"2025-02-14T01:16:57","guid":{"rendered":"https:\/\/group-worldstar.com\/?post_type=product&#038;p=10012"},"modified":"2025-02-14T01:21:02","modified_gmt":"2025-02-14T01:21:02","slug":"masiero","status":"publish","type":"product","link":"https:\/\/group-worldstar.com\/index.php\/product\/masiero\/","title":{"rendered":"Fuji Brand"},"content":{"rendered":"","protected":false},"excerpt":{"rendered":"<p data-start=\"0\" data-end=\"69\"><strong data-start=\"0\" data-end=\"67\">Fuji Brand: Carbones de Alta Calidad para un Rendimiento \u00d3ptimo<\/strong><\/p>\n<p data-start=\"71\" data-end=\"307\">En World Star Representaciones, representamos a <strong data-start=\"119\" data-end=\"133\">Fuji Brand<\/strong>, una marca reconocida por la fabricaci\u00f3n de <strong data-start=\"178\" data-end=\"201\">carbones el\u00e9ctricos<\/strong> dise\u00f1ados para ofrecer m\u00e1xima durabilidad y eficiencia en sistemas de arranque y generaci\u00f3n de energ\u00eda.<\/p>\n<p data-start=\"309\" data-end=\"647\"><strong data-start=\"309\" data-end=\"323\">Fuji Brand<\/strong> se especializa en el desarrollo de carbones para motores el\u00e9ctricos, alternadores y arranques, utilizando materiales de alta calidad que garantizan una excelente conductividad, menor desgaste y mayor vida \u00fatil. Sus productos aseguran un desempe\u00f1o confiable en aplicaciones automotrices e industriales de alto rendimiento.<\/p>\n<p data-start=\"649\" data-end=\"846\" data-is-last-node=\"\">En Per\u00fa, <strong data-start=\"658\" data-end=\"672\">Fuji Brand<\/strong> llega a trav\u00e9s de World Star Representaciones, proporcionando soluciones confiables en sistemas el\u00e9ctricos para optimizar la operaci\u00f3n y eficiencia de motores y generadores.<\/p>\n<table>\n<tbody>\n<tr>\n<th>Producto<\/th>\n<td style=\"text-align: right;\">Carbones<\/td>\n<\/tr>\n<tr>\n<th>Pa\u00eds<\/th>\n<td style=\"text-align: right;\">Jap\u00f3n<\/td>\n<\/tr>\n<tr>\n<th>L\u00ednea<\/th>\n<td style=\"text-align: right;\">Liviana<\/td>\n<\/tr>\n<\/tbody>\n<\/table>\n","protected":false},"featured_media":10014,"comment_status":"closed","ping_status":"closed","template":"","meta":[],"product_brand":[],"product_cat":[82,83,84,86,88,89,90,92,91],"product_tag":[],"class_list":{"0":"post-10012","1":"product","2":"type-product","3":"status-publish","4":"has-post-thumbnail","6":"product_cat-peru","7":"product_cat-linea-liviana","8":"product_cat-linea-pesada","9":"product_cat-bolivia","10":"product_cat-linea-liviana-bolivia","11":"product_cat-linea-pesada-bolivia","12":"product_cat-ecuador","13":"product_cat-linea-ligera","14":"product_cat-linea-pesada-ecuador","16":"first","17":"instock","18":"featured","19":"shipping-taxable","20":"product-type-simple"},"_links":{"self":[{"href":"https:\/\/group-worldstar.com\/index.php\/wp-json\/wp\/v2\/product\/10012","targetHints":{"allow":["GET"]}}],"collection":[{"href":"https:\/\/group-worldstar.com\/index.php\/wp-json\/wp\/v2\/product"}],"about":[{"href":"https:\/\/group-worldstar.com\/index.php\/wp-json\/wp\/v2\/types\/product"}],"replies":[{"embeddable":true,"href":"https:\/\/group-worldstar.com\/index.php\/wp-json\/wp\/v2\/comments?post=10012"}],"wp:featuredmedia":[{"embeddable":true,"href":"https:\/\/group-worldstar.com\/index.php\/wp-json\/wp\/v2\/media\/10014"}],"wp:attachment":[{"href":"https:\/\/group-worldstar.com\/index.php\/wp-json\/wp\/v2\/media?parent=10012"}],"wp:term":[{"taxonomy":"product_brand","embeddable":true,"href":"https:\/\/group-worldstar.com\/index.php\/wp-json\/wp\/v2\/product_brand?post=10012"},{"taxonomy":"product_cat","embeddable":true,"href":"https:\/\/group-worldstar.com\/index.php\/wp-json\/wp\/v2\/product_cat?post=10012"},{"taxonomy":"product_tag","embeddable":true,"href":"https:\/\/group-worldstar.com\/index.php\/wp-json\/wp\/v2\/product_tag?post=10012"}],"curies":[{"name":"wp","href":"https:\/\/api.w.org\/{rel}","templated":true}]}}